{"id":274,"date":"2026-02-10T10:47:10","date_gmt":"2026-02-10T10:47:10","guid":{"rendered":"https:\/\/dazzling-goodall.91-99-251-114.plesk.page\/?page_id=274"},"modified":"2026-02-17T11:43:12","modified_gmt":"2026-02-17T11:43:12","slug":"gestione-patrimoni-immobiliari","status":"publish","type":"page","link":"https:\/\/dazzling-goodall.91-99-251-114.plesk.page\/?page_id=274","title":{"rendered":"Gestione patrimoni immobiliari"},"content":{"rendered":"\t\t<div data-elementor-type=\"wp-page\" data-elementor-id=\"274\" class=\"elementor elementor-274\" data-elementor-post-type=\"page\">\n\t\t\t\t\t\t<section class=\"elementor-section elementor-top-section elementor-element elementor-element-e38a239 elementor-section-boxed elementor-section-height-default elementor-section-height-default\" data-id=\"e38a239\" data-element_type=\"section\" data-e-type=\"section\" data-settings=\"{&quot;background_background&quot;:&quot;slideshow&quot;,&quot;background_slideshow_gallery&quot;:[],&quot;background_slideshow_loop&quot;:&quot;yes&quot;,&quot;background_slideshow_slide_duration&quot;:5000,&quot;background_slideshow_slide_transition&quot;:&quot;fade&quot;,&quot;background_slideshow_transition_duration&quot;:500}\">\n\t\t\t\t\t\t\t<div class=\"elementor-background-overlay\"><\/div>\n\t\t\t\t\t\t\t<div class=\"elementor-container elementor-column-gap-default\">\n\t\t\t\t\t<div class=\"elementor-column elementor-col-50 elementor-top-column elementor-element elementor-element-a6e5904 elementor-invisible\" data-id=\"a6e5904\" data-element_type=\"column\" data-e-type=\"column\" data-settings=\"{&quot;animation&quot;:&quot;fadeInLeft&quot;,&quot;background_background&quot;:&quot;classic&quot;}\">\n\t\t\t<div class=\"elementor-widget-wrap elementor-element-populated\">\n\t\t\t\t\t\t<div class=\"elementor-element elementor-element-552fdbd elementor-widget elementor-widget-heading\" data-id=\"552fdbd\" data-element_type=\"widget\" data-e-type=\"widget\" data-widget_type=\"heading.default\">\n\t\t\t\t\t<h2 class=\"elementor-heading-title elementor-size-default\">Gestione patrimoni immobiliari<\/h2>\t\t\t\t<\/div>\n\t\t\t\t<div class=\"elementor-element elementor-element-fc29be9 elementor-widget elementor-widget-text-editor\" data-id=\"fc29be9\" data-element_type=\"widget\" data-e-type=\"widget\" data-widget_type=\"text-editor.default\">\n\t\t\t\t\t\t\t\t\t<p><span class=\"s1\">Lo Studio fornisce assistenza e consulenza per l\u2019espletamento di una completa gamma di servizi relativi agli immobili, ed in particolare \u00e8 specializzato nei seguenti aspetti:<\/span><\/p>\t\t\t\t\t\t\t\t<\/div>\n\t\t\t\t<div class=\"elementor-element elementor-element-dc602bc elementor-icon-list--layout-inline elementor-list-item-link-full_width elementor-widget elementor-widget-icon-list\" data-id=\"dc602bc\" data-element_type=\"widget\" data-e-type=\"widget\" data-widget_type=\"icon-list.default\">\n\t\t\t\t\t\t\t<ul class=\"elementor-icon-list-items elementor-inline-items\">\n\t\t\t\t\t\t\t<li class=\"elementor-icon-list-item elementor-inline-item\">\n\t\t\t\t\t\t\t\t\t\t\t<span class=\"elementor-icon-list-icon\">\n\t\t\t\t\t\t\t<svg aria-hidden=\"true\" class=\"e-font-icon-svg e-fas-check\" viewBox=\"0 0 512 512\" xmlns=\"http:\/\/www.w3.org\/2000\/svg\"><path d=\"M173.898 439.404l-166.4-166.4c-9.997-9.997-9.997-26.206 0-36.204l36.203-36.204c9.997-9.998 26.207-9.998 36.204 0L192 312.69 432.095 72.596c9.997-9.997 26.207-9.997 36.204 0l36.203 36.204c9.997 9.997 9.997 26.206 0 36.204l-294.4 294.401c-9.998 9.997-26.207 9.997-36.204-.001z\"><\/path><\/svg>\t\t\t\t\t\t<\/span>\n\t\t\t\t\t\t\t\t\t\t<span class=\"elementor-icon-list-text\">gestione di patrimoni immobiliari, dalla fase di selezione degli investimenti pi\u00f9 opportuni dal punto di vista reddituale e finanziario, alla costante assistenza onde assicurare la miglior redditivit\u00e0 degli immobili;<\/span>\n\t\t\t\t\t\t\t\t\t<\/li>\n\t\t\t\t\t\t\t\t<li class=\"elementor-icon-list-item elementor-inline-item\">\n\t\t\t\t\t\t\t\t\t\t\t<span class=\"elementor-icon-list-icon\">\n\t\t\t\t\t\t\t<svg aria-hidden=\"true\" class=\"e-font-icon-svg e-fas-check\" viewBox=\"0 0 512 512\" xmlns=\"http:\/\/www.w3.org\/2000\/svg\"><path d=\"M173.898 439.404l-166.4-166.4c-9.997-9.997-9.997-26.206 0-36.204l36.203-36.204c9.997-9.998 26.207-9.998 36.204 0L192 312.69 432.095 72.596c9.997-9.997 26.207-9.997 36.204 0l36.203 36.204c9.997 9.997 9.997 26.206 0 36.204l-294.4 294.401c-9.998 9.997-26.207 9.997-36.204-.001z\"><\/path><\/svg>\t\t\t\t\t\t<\/span>\n\t\t\t\t\t\t\t\t\t\t<span class=\"elementor-icon-list-text\">\t predisposizione contratti di locazione ed esecuzione dei relativi adempimenti (registrazione telematica, assolvimento imposte, aggiornamento canoni contrattuali e predisposizione comunicazioni ai locatori, valutazione opportunit\u00e0 cedolare secca, controllo del regolare pagamento del canone, riaddebiti spese condominiali ai conduttori per rispettive competenza);<\/span>\n\t\t\t\t\t\t\t\t\t<\/li>\n\t\t\t\t\t\t\t\t<li class=\"elementor-icon-list-item elementor-inline-item\">\n\t\t\t\t\t\t\t\t\t\t\t<span class=\"elementor-icon-list-icon\">\n\t\t\t\t\t\t\t<svg aria-hidden=\"true\" class=\"e-font-icon-svg e-fas-check\" viewBox=\"0 0 512 512\" xmlns=\"http:\/\/www.w3.org\/2000\/svg\"><path d=\"M173.898 439.404l-166.4-166.4c-9.997-9.997-9.997-26.206 0-36.204l36.203-36.204c9.997-9.998 26.207-9.998 36.204 0L192 312.69 432.095 72.596c9.997-9.997 26.207-9.997 36.204 0l36.203 36.204c9.997 9.997 9.997 26.206 0 36.204l-294.4 294.401c-9.998 9.997-26.207 9.997-36.204-.001z\"><\/path><\/svg>\t\t\t\t\t\t<\/span>\n\t\t\t\t\t\t\t\t\t\t<span class=\"elementor-icon-list-text\">assistenza tributaria al legale in ipotesi di procedure esecutive per morosit\u00e0 o sfratti;<\/span>\n\t\t\t\t\t\t\t\t\t<\/li>\n\t\t\t\t\t\t\t\t<li class=\"elementor-icon-list-item elementor-inline-item\">\n\t\t\t\t\t\t\t\t\t\t\t<span class=\"elementor-icon-list-icon\">\n\t\t\t\t\t\t\t<svg aria-hidden=\"true\" class=\"e-font-icon-svg e-fas-check\" viewBox=\"0 0 512 512\" xmlns=\"http:\/\/www.w3.org\/2000\/svg\"><path d=\"M173.898 439.404l-166.4-166.4c-9.997-9.997-9.997-26.206 0-36.204l36.203-36.204c9.997-9.998 26.207-9.998 36.204 0L192 312.69 432.095 72.596c9.997-9.997 26.207-9.997 36.204 0l36.203 36.204c9.997 9.997 9.997 26.206 0 36.204l-294.4 294.401c-9.998 9.997-26.207 9.997-36.204-.001z\"><\/path><\/svg>\t\t\t\t\t\t<\/span>\n\t\t\t\t\t\t\t\t\t\t<span class=\"elementor-icon-list-text\">adempimenti tributari e di altra natura incombenti sui proprietari di immobili.<\/span>\n\t\t\t\t\t\t\t\t\t<\/li>\n\t\t\t\t\t\t<\/ul>\n\t\t\t\t\t\t<\/div>\n\t\t\t\t\t<\/div>\n\t\t<\/div>\n\t\t\t\t<div class=\"elementor-column elementor-col-50 elementor-top-column elementor-element elementor-element-147c650 elementor-invisible\" data-id=\"147c650\" data-element_type=\"column\" data-e-type=\"column\" data-settings=\"{&quot;animation&quot;:&quot;fadeInRight&quot;}\">\n\t\t\t<div class=\"elementor-widget-wrap elementor-element-populated\">\n\t\t\t\t\t\t<div class=\"elementor-element elementor-element-fe40ecc elementor-widget elementor-widget-image\" data-id=\"fe40ecc\" data-element_type=\"widget\" data-e-type=\"widget\" data-widget_type=\"image.default\">\n\t\t\t\t\t\t\t\t\t\t\t\t\t\t\t<img fetchpriority=\"high\" decoding=\"async\" width=\"710\" height=\"370\" src=\"https:\/\/dazzling-goodall.91-99-251-114.plesk.page\/wp-content\/uploads\/2026\/02\/54953338_S.jpg\" class=\"attachment-full size-full wp-image-277\" alt=\"\" srcset=\"https:\/\/dazzling-goodall.91-99-251-114.plesk.page\/wp-content\/uploads\/2026\/02\/54953338_S.jpg 710w, https:\/\/dazzling-goodall.91-99-251-114.plesk.page\/wp-content\/uploads\/2026\/02\/54953338_S-300x156.jpg 300w\" sizes=\"(max-width: 710px) 100vw, 710px\" \/>\t\t\t\t\t\t\t\t\t\t\t\t\t\t\t<\/div>\n\t\t\t\t\t<\/div>\n\t\t<\/div>\n\t\t\t\t\t<\/div>\n\t\t<\/section>\n\t\t<div class=\"elementor-element elementor-element-91719a0 e-flex e-con-boxed e-con e-parent\" data-id=\"91719a0\" data-element_type=\"container\" data-e-type=\"container\">\n\t\t\t\t\t<div class=\"e-con-inner\">\n\t\t\t\t<div class=\"elementor-element elementor-element-ceb0431 elementor-widget-divider--view-line elementor-widget elementor-widget-divider\" data-id=\"ceb0431\" data-element_type=\"widget\" data-e-type=\"widget\" data-widget_type=\"divider.default\">\n\t\t\t\t\t\t\t<div class=\"elementor-divider\">\n\t\t\t<span class=\"elementor-divider-separator\">\n\t\t\t\t\t\t<\/span>\n\t\t<\/div>\n\t\t\t\t\t\t<\/div>\n\t\t\t\t\t<\/div>\n\t\t\t\t<\/div>\n\t\t\t\t<\/div>\n\t\t","protected":false},"excerpt":{"rendered":"<p>Gestione patrimoni immobiliari Lo Studio fornisce assistenza e consulenza per l\u2019espletamento di una completa gamma di servizi relativi agli immobili, ed in particolare \u00e8 specializzato nei seguenti aspetti: gestione di patrimoni immobiliari, dalla fase di selezione degli investimenti pi\u00f9 opportuni dal punto di vista reddituale e finanziario, alla costante assistenza onde assicurare la miglior redditivit\u00e0 [&hellip;]<\/p>\n","protected":false},"author":1,"featured_media":0,"parent":0,"menu_order":0,"comment_status":"closed","ping_status":"closed","template":"elementor_header_footer","meta":{"footnotes":""},"class_list":["post-274","page","type-page","status-publish","hentry"],"yoast_head":"<!-- This site is optimized with the Yoast SEO plugin v27.0 - https:\/\/yoast.com\/product\/yoast-seo-wordpress\/ -->\n<title>Gestione patrimoni immobiliari - Stazione d&#039;ispirazione<\/title>\n<meta name=\"robots\" content=\"index, follow, max-snippet:-1, max-image-preview:large, max-video-preview:-1\" \/>\n<link rel=\"canonical\" href=\"https:\/\/dazzling-goodall.91-99-251-114.plesk.page\/?page_id=274\" \/>\n<meta property=\"og:locale\" content=\"it_IT\" \/>\n<meta property=\"og:type\" content=\"article\" \/>\n<meta property=\"og:title\" content=\"Gestione patrimoni immobiliari - Stazione d&#039;ispirazione\" \/>\n<meta property=\"og:description\" content=\"Gestione patrimoni immobiliari Lo Studio fornisce assistenza e consulenza per l\u2019espletamento di una completa gamma di servizi relativi agli immobili, ed in particolare \u00e8 specializzato nei seguenti aspetti: gestione di patrimoni immobiliari, dalla fase di selezione degli investimenti pi\u00f9 opportuni dal punto di vista reddituale e finanziario, alla costante assistenza onde assicurare la miglior redditivit\u00e0 [&hellip;]\" \/>\n<meta property=\"og:url\" content=\"https:\/\/dazzling-goodall.91-99-251-114.plesk.page\/?page_id=274\" \/>\n<meta property=\"og:site_name\" content=\"Stazione d&#039;ispirazione\" \/>\n<meta property=\"article:modified_time\" content=\"2026-02-17T11:43:12+00:00\" \/>\n<meta property=\"og:image\" content=\"https:\/\/dazzling-goodall.91-99-251-114.plesk.page\/wp-content\/uploads\/2026\/02\/54953338_S.jpg\" \/>\n<meta name=\"twitter:card\" content=\"summary_large_image\" \/>\n<meta name=\"twitter:label1\" content=\"Tempo di lettura stimato\" \/>\n\t<meta name=\"twitter:data1\" content=\"1 minuto\" \/>\n<script type=\"application\/ld+json\" class=\"yoast-schema-graph\">{\"@context\":\"https:\/\/schema.org\",\"@graph\":[{\"@type\":\"WebPage\",\"@id\":\"https:\/\/dazzling-goodall.91-99-251-114.plesk.page\/?page_id=274\",\"url\":\"https:\/\/dazzling-goodall.91-99-251-114.plesk.page\/?page_id=274\",\"name\":\"Gestione patrimoni immobiliari - Stazione d&#039;ispirazione\",\"isPartOf\":{\"@id\":\"https:\/\/dazzling-goodall.91-99-251-114.plesk.page\/#website\"},\"primaryImageOfPage\":{\"@id\":\"https:\/\/dazzling-goodall.91-99-251-114.plesk.page\/?page_id=274#primaryimage\"},\"image\":{\"@id\":\"https:\/\/dazzling-goodall.91-99-251-114.plesk.page\/?page_id=274#primaryimage\"},\"thumbnailUrl\":\"https:\/\/dazzling-goodall.91-99-251-114.plesk.page\/wp-content\/uploads\/2026\/02\/54953338_S.jpg\",\"datePublished\":\"2026-02-10T10:47:10+00:00\",\"dateModified\":\"2026-02-17T11:43:12+00:00\",\"breadcrumb\":{\"@id\":\"https:\/\/dazzling-goodall.91-99-251-114.plesk.page\/?page_id=274#breadcrumb\"},\"inLanguage\":\"it-IT\",\"potentialAction\":[{\"@type\":\"ReadAction\",\"target\":[\"https:\/\/dazzling-goodall.91-99-251-114.plesk.page\/?page_id=274\"]}]},{\"@type\":\"ImageObject\",\"inLanguage\":\"it-IT\",\"@id\":\"https:\/\/dazzling-goodall.91-99-251-114.plesk.page\/?page_id=274#primaryimage\",\"url\":\"https:\/\/dazzling-goodall.91-99-251-114.plesk.page\/wp-content\/uploads\/2026\/02\/54953338_S.jpg\",\"contentUrl\":\"https:\/\/dazzling-goodall.91-99-251-114.plesk.page\/wp-content\/uploads\/2026\/02\/54953338_S.jpg\",\"width\":710,\"height\":370,\"caption\":\"Hand hold house against green field\"},{\"@type\":\"BreadcrumbList\",\"@id\":\"https:\/\/dazzling-goodall.91-99-251-114.plesk.page\/?page_id=274#breadcrumb\",\"itemListElement\":[{\"@type\":\"ListItem\",\"position\":1,\"name\":\"Home\",\"item\":\"https:\/\/dazzling-goodall.91-99-251-114.plesk.page\/\"},{\"@type\":\"ListItem\",\"position\":2,\"name\":\"Gestione patrimoni immobiliari\"}]},{\"@type\":\"WebSite\",\"@id\":\"https:\/\/dazzling-goodall.91-99-251-114.plesk.page\/#website\",\"url\":\"https:\/\/dazzling-goodall.91-99-251-114.plesk.page\/\",\"name\":\"Stazione d&#039;ispirazione\",\"description\":\"\",\"potentialAction\":[{\"@type\":\"SearchAction\",\"target\":{\"@type\":\"EntryPoint\",\"urlTemplate\":\"https:\/\/dazzling-goodall.91-99-251-114.plesk.page\/?s={search_term_string}\"},\"query-input\":{\"@type\":\"PropertyValueSpecification\",\"valueRequired\":true,\"valueName\":\"search_term_string\"}}],\"inLanguage\":\"it-IT\"}]}<\/script>\n<!-- \/ Yoast SEO plugin. -->","yoast_head_json":{"title":"Gestione patrimoni immobiliari - Stazione d&#039;ispirazione","robots":{"index":"index","follow":"follow","max-snippet":"max-snippet:-1","max-image-preview":"max-image-preview:large","max-video-preview":"max-video-preview:-1"},"canonical":"https:\/\/dazzling-goodall.91-99-251-114.plesk.page\/?page_id=274","og_locale":"it_IT","og_type":"article","og_title":"Gestione patrimoni immobiliari - Stazione d&#039;ispirazione","og_description":"Gestione patrimoni immobiliari Lo Studio fornisce assistenza e consulenza per l\u2019espletamento di una completa gamma di servizi relativi agli immobili, ed in particolare \u00e8 specializzato nei seguenti aspetti: gestione di patrimoni immobiliari, dalla fase di selezione degli investimenti pi\u00f9 opportuni dal punto di vista reddituale e finanziario, alla costante assistenza onde assicurare la miglior redditivit\u00e0 [&hellip;]","og_url":"https:\/\/dazzling-goodall.91-99-251-114.plesk.page\/?page_id=274","og_site_name":"Stazione d&#039;ispirazione","article_modified_time":"2026-02-17T11:43:12+00:00","og_image":[{"url":"https:\/\/dazzling-goodall.91-99-251-114.plesk.page\/wp-content\/uploads\/2026\/02\/54953338_S.jpg","type":"","width":"","height":""}],"twitter_card":"summary_large_image","twitter_misc":{"Tempo di lettura stimato":"1 minuto"},"schema":{"@context":"https:\/\/schema.org","@graph":[{"@type":"WebPage","@id":"https:\/\/dazzling-goodall.91-99-251-114.plesk.page\/?page_id=274","url":"https:\/\/dazzling-goodall.91-99-251-114.plesk.page\/?page_id=274","name":"Gestione patrimoni immobiliari - Stazione d&#039;ispirazione","isPartOf":{"@id":"https:\/\/dazzling-goodall.91-99-251-114.plesk.page\/#website"},"primaryImageOfPage":{"@id":"https:\/\/dazzling-goodall.91-99-251-114.plesk.page\/?page_id=274#primaryimage"},"image":{"@id":"https:\/\/dazzling-goodall.91-99-251-114.plesk.page\/?page_id=274#primaryimage"},"thumbnailUrl":"https:\/\/dazzling-goodall.91-99-251-114.plesk.page\/wp-content\/uploads\/2026\/02\/54953338_S.jpg","datePublished":"2026-02-10T10:47:10+00:00","dateModified":"2026-02-17T11:43:12+00:00","breadcrumb":{"@id":"https:\/\/dazzling-goodall.91-99-251-114.plesk.page\/?page_id=274#breadcrumb"},"inLanguage":"it-IT","potentialAction":[{"@type":"ReadAction","target":["https:\/\/dazzling-goodall.91-99-251-114.plesk.page\/?page_id=274"]}]},{"@type":"ImageObject","inLanguage":"it-IT","@id":"https:\/\/dazzling-goodall.91-99-251-114.plesk.page\/?page_id=274#primaryimage","url":"https:\/\/dazzling-goodall.91-99-251-114.plesk.page\/wp-content\/uploads\/2026\/02\/54953338_S.jpg","contentUrl":"https:\/\/dazzling-goodall.91-99-251-114.plesk.page\/wp-content\/uploads\/2026\/02\/54953338_S.jpg","width":710,"height":370,"caption":"Hand hold house against green field"},{"@type":"BreadcrumbList","@id":"https:\/\/dazzling-goodall.91-99-251-114.plesk.page\/?page_id=274#breadcrumb","itemListElement":[{"@type":"ListItem","position":1,"name":"Home","item":"https:\/\/dazzling-goodall.91-99-251-114.plesk.page\/"},{"@type":"ListItem","position":2,"name":"Gestione patrimoni immobiliari"}]},{"@type":"WebSite","@id":"https:\/\/dazzling-goodall.91-99-251-114.plesk.page\/#website","url":"https:\/\/dazzling-goodall.91-99-251-114.plesk.page\/","name":"Stazione d&#039;ispirazione","description":"","potentialAction":[{"@type":"SearchAction","target":{"@type":"EntryPoint","urlTemplate":"https:\/\/dazzling-goodall.91-99-251-114.plesk.page\/?s={search_term_string}"},"query-input":{"@type":"PropertyValueSpecification","valueRequired":true,"valueName":"search_term_string"}}],"inLanguage":"it-IT"}]}},"_links":{"self":[{"href":"https:\/\/dazzling-goodall.91-99-251-114.plesk.page\/index.php?rest_route=\/wp\/v2\/pages\/274","targetHints":{"allow":["GET"]}}],"collection":[{"href":"https:\/\/dazzling-goodall.91-99-251-114.plesk.page\/index.php?rest_route=\/wp\/v2\/pages"}],"about":[{"href":"https:\/\/dazzling-goodall.91-99-251-114.plesk.page\/index.php?rest_route=\/wp\/v2\/types\/page"}],"author":[{"embeddable":true,"href":"https:\/\/dazzling-goodall.91-99-251-114.plesk.page\/index.php?rest_route=\/wp\/v2\/users\/1"}],"replies":[{"embeddable":true,"href":"https:\/\/dazzling-goodall.91-99-251-114.plesk.page\/index.php?rest_route=%2Fwp%2Fv2%2Fcomments&post=274"}],"version-history":[{"count":16,"href":"https:\/\/dazzling-goodall.91-99-251-114.plesk.page\/index.php?rest_route=\/wp\/v2\/pages\/274\/revisions"}],"predecessor-version":[{"id":744,"href":"https:\/\/dazzling-goodall.91-99-251-114.plesk.page\/index.php?rest_route=\/wp\/v2\/pages\/274\/revisions\/744"}],"wp:attachment":[{"href":"https:\/\/dazzling-goodall.91-99-251-114.plesk.page\/index.php?rest_route=%2Fwp%2Fv2%2Fmedia&parent=274"}],"curies":[{"name":"wp","href":"https:\/\/api.w.org\/{rel}","templated":true}]}}